{"id":646,"date":"2015-01-18T11:49:57","date_gmt":"2015-01-18T11:49:57","guid":{"rendered":"http:\/\/www.trollmann.com\/en\/impressum\/"},"modified":"2018-05-18T10:49:32","modified_gmt":"2018-05-18T10:49:32","slug":"impressum","status":"publish","type":"page","link":"https:\/\/www.trollmann.com\/en\/impressum\/","title":{"rendered":"Impressum"},"content":{"rendered":"<p><strong>IMPRESSUM<\/strong><\/p>\n<p><strong>Angaben gem\u00e4\u00df \u00a7 5 TMG:<\/strong><\/p>\n<p>Trollmann GmbH Messebau<\/p>\n<p><strong>Postanschrift:<\/strong><br \/>\nHansastrasse, 144<br \/>\n81373 M\u00fcnchen<\/p>\n<p><strong>Kontakt:<\/strong><\/p>\n<p>Telefon: +49 89 54034210<br \/>\nE-Mail: info@trollmann.com<\/p>\n<p><strong>Vertreten durch:<\/strong><\/p>\n<p>Werner Trollmann<br \/>\n<strong>Eingetragen am<\/strong><\/p>\n<p>Amtsgericht M\u00fcnchen<br \/>\nHRB 98010<br \/>\n<strong>Umsatzsteuer-Identifikationsnummer<\/strong><\/p>\n<p>DE129483551<br \/>\n<strong>Die Berufshaftpflichtversicherung wurde abgeschlossen bei:<\/strong><\/p>\n<p>Signal Iduna Gruppe<br \/>\n20351 Hamburg<\/p>\n<p><strong>Geltungsbereich des Versicherungsschutzes:<\/strong><\/p>\n<p>Gewerbliche Haftpflichtversicherung<br \/>\n<strong>Urheberrechtliche Hinweise<\/strong><\/p>\n<p>Messe M\u00fcnchen<br \/>\nMEPLAN GmbH<br \/>\nArchiv Trollmann<br \/>\n<strong>Verantwortlich f\u00fcr journalistisch-redaktionelle Inhalte ist:<\/strong><\/p>\n<p>Werner Trollmann<\/p>\n<p><em>Das Impressum wurde mit dem\u00a0<\/em><a href=\"https:\/\/www.activemind.de\/datenschutz\/impressums-generator\/\"><em>Impressums-Generator der activeMind AG<\/em><\/a><em>erstellt.<\/em><\/p>\n<p>Stand 15.5.2018<\/p>\n","protected":false},"excerpt":{"rendered":"<p>IMPRESSUM Angaben gem\u00e4\u00df \u00a7 5 TMG: Trollmann GmbH Messebau Postanschrift: Hansastrasse, 144 81373 M\u00fcnchen Kontakt: Telefon: +49 89 54034210 E-Mail: info@trollmann.com Vertreten durch: Werner Trollmann Eingetragen am Amtsgericht M\u00fcnchen HRB 98010 Umsatzsteuer-Identifikationsnummer DE129483551 Die Berufshaftpflichtversicherung wurde abgeschlossen bei: Signal Iduna Gruppe 20351 Hamburg Geltungsbereich des Versicherungsschutzes: Gewerbliche Haftpflichtversicherung Urheberrechtliche Hinweise Messe M\u00fcnchen MEPLAN GmbH Archiv &hellip; <a href=\"https:\/\/www.trollmann.com\/en\/impressum\/\">Continued<\/a><\/p>\n","protected":false},"author":1,"featured_media":0,"parent":0,"menu_order":820,"comment_status":"closed","ping_status":"closed","template":"","meta":[],"acf":[],"yoast_head":"<!-- This site is optimized with the Yoast SEO plugin v19.10 - https:\/\/yoast.com\/wordpress\/plugins\/seo\/ -->\n<title>Impressum - Trollmann Messe &amp; Eventbau, M\u00fcnchen<\/title>\n<meta name=\"robots\" content=\"index, follow, max-snippet:-1, max-image-preview:large, max-video-preview:-1\" \/>\n<link rel=\"canonical\" href=\"https:\/\/www.trollmann.com\/en\/impressum\/\" \/>\n<meta property=\"og:locale\" content=\"en_US\" \/>\n<meta property=\"og:type\" content=\"article\" \/>\n<meta property=\"og:title\" content=\"Impressum - Trollmann Messe &amp; Eventbau, M\u00fcnchen\" \/>\n<meta property=\"og:description\" content=\"IMPRESSUM Angaben gem\u00e4\u00df \u00a7 5 TMG: Trollmann GmbH Messebau Postanschrift: Hansastrasse, 144 81373 M\u00fcnchen Kontakt: Telefon: +49 89 54034210 E-Mail: info@trollmann.com Vertreten durch: Werner Trollmann Eingetragen am Amtsgericht M\u00fcnchen HRB 98010 Umsatzsteuer-Identifikationsnummer DE129483551 Die Berufshaftpflichtversicherung wurde abgeschlossen bei: Signal Iduna Gruppe 20351 Hamburg Geltungsbereich des Versicherungsschutzes: Gewerbliche Haftpflichtversicherung Urheberrechtliche Hinweise Messe M\u00fcnchen MEPLAN GmbH Archiv &hellip; Continued\" \/>\n<meta property=\"og:url\" content=\"https:\/\/www.trollmann.com\/en\/impressum\/\" \/>\n<meta property=\"og:site_name\" content=\"Trollmann Messe &amp; Eventbau, M\u00fcnchen\" \/>\n<meta property=\"article:modified_time\" content=\"2018-05-18T10:49:32+00:00\" \/>\n<script type=\"application\/ld+json\" class=\"yoast-schema-graph\">{\"@context\":\"https:\/\/schema.org\",\"@graph\":[{\"@type\":\"WebPage\",\"@id\":\"https:\/\/www.trollmann.com\/en\/impressum\/\",\"url\":\"https:\/\/www.trollmann.com\/en\/impressum\/\",\"name\":\"Impressum - Trollmann Messe &amp; Eventbau, M\u00fcnchen\",\"isPartOf\":{\"@id\":\"https:\/\/www.trollmann.com\/#website\"},\"datePublished\":\"2015-01-18T11:49:57+00:00\",\"dateModified\":\"2018-05-18T10:49:32+00:00\",\"breadcrumb\":{\"@id\":\"https:\/\/www.trollmann.com\/en\/impressum\/#breadcrumb\"},\"inLanguage\":\"en-US\",\"potentialAction\":[{\"@type\":\"ReadAction\",\"target\":[\"https:\/\/www.trollmann.com\/en\/impressum\/\"]}]},{\"@type\":\"BreadcrumbList\",\"@id\":\"https:\/\/www.trollmann.com\/en\/impressum\/#breadcrumb\",\"itemListElement\":[{\"@type\":\"ListItem\",\"position\":1,\"name\":\"Home\",\"item\":\"https:\/\/www.trollmann.com\/en\/\"},{\"@type\":\"ListItem\",\"position\":2,\"name\":\"Impressum\"}]},{\"@type\":\"WebSite\",\"@id\":\"https:\/\/www.trollmann.com\/#website\",\"url\":\"https:\/\/www.trollmann.com\/\",\"name\":\"Trollmann Messe &amp; Eventbau, M\u00fcnchen\",\"description\":\"\",\"potentialAction\":[{\"@type\":\"SearchAction\",\"target\":{\"@type\":\"EntryPoint\",\"urlTemplate\":\"https:\/\/www.trollmann.com\/?s={search_term_string}\"},\"query-input\":\"required name=search_term_string\"}],\"inLanguage\":\"en-US\"}]}<\/script>\n<!-- \/ Yoast SEO plugin. -->","yoast_head_json":{"title":"Impressum - Trollmann Messe &amp; Eventbau, M\u00fcnchen","robots":{"index":"index","follow":"follow","max-snippet":"max-snippet:-1","max-image-preview":"max-image-preview:large","max-video-preview":"max-video-preview:-1"},"canonical":"https:\/\/www.trollmann.com\/en\/impressum\/","og_locale":"en_US","og_type":"article","og_title":"Impressum - Trollmann Messe &amp; Eventbau, M\u00fcnchen","og_description":"IMPRESSUM Angaben gem\u00e4\u00df \u00a7 5 TMG: Trollmann GmbH Messebau Postanschrift: Hansastrasse, 144 81373 M\u00fcnchen Kontakt: Telefon: +49 89 54034210 E-Mail: info@trollmann.com Vertreten durch: Werner Trollmann Eingetragen am Amtsgericht M\u00fcnchen HRB 98010 Umsatzsteuer-Identifikationsnummer DE129483551 Die Berufshaftpflichtversicherung wurde abgeschlossen bei: Signal Iduna Gruppe 20351 Hamburg Geltungsbereich des Versicherungsschutzes: Gewerbliche Haftpflichtversicherung Urheberrechtliche Hinweise Messe M\u00fcnchen MEPLAN GmbH Archiv &hellip; Continued","og_url":"https:\/\/www.trollmann.com\/en\/impressum\/","og_site_name":"Trollmann Messe &amp; Eventbau, M\u00fcnchen","article_modified_time":"2018-05-18T10:49:32+00:00","schema":{"@context":"https:\/\/schema.org","@graph":[{"@type":"WebPage","@id":"https:\/\/www.trollmann.com\/en\/impressum\/","url":"https:\/\/www.trollmann.com\/en\/impressum\/","name":"Impressum - Trollmann Messe &amp; Eventbau, M\u00fcnchen","isPartOf":{"@id":"https:\/\/www.trollmann.com\/#website"},"datePublished":"2015-01-18T11:49:57+00:00","dateModified":"2018-05-18T10:49:32+00:00","breadcrumb":{"@id":"https:\/\/www.trollmann.com\/en\/impressum\/#breadcrumb"},"inLanguage":"en-US","potentialAction":[{"@type":"ReadAction","target":["https:\/\/www.trollmann.com\/en\/impressum\/"]}]},{"@type":"BreadcrumbList","@id":"https:\/\/www.trollmann.com\/en\/impressum\/#breadcrumb","itemListElement":[{"@type":"ListItem","position":1,"name":"Home","item":"https:\/\/www.trollmann.com\/en\/"},{"@type":"ListItem","position":2,"name":"Impressum"}]},{"@type":"WebSite","@id":"https:\/\/www.trollmann.com\/#website","url":"https:\/\/www.trollmann.com\/","name":"Trollmann Messe &amp; Eventbau, M\u00fcnchen","description":"","potentialAction":[{"@type":"SearchAction","target":{"@type":"EntryPoint","urlTemplate":"https:\/\/www.trollmann.com\/?s={search_term_string}"},"query-input":"required name=search_term_string"}],"inLanguage":"en-US"}]}},"_links":{"self":[{"href":"https:\/\/www.trollmann.com\/en\/wp-json\/wp\/v2\/pages\/646"}],"collection":[{"href":"https:\/\/www.trollmann.com\/en\/wp-json\/wp\/v2\/pages"}],"about":[{"href":"https:\/\/www.trollmann.com\/en\/wp-json\/wp\/v2\/types\/page"}],"author":[{"embeddable":true,"href":"https:\/\/www.trollmann.com\/en\/wp-json\/wp\/v2\/users\/1"}],"replies":[{"embeddable":true,"href":"https:\/\/www.trollmann.com\/en\/wp-json\/wp\/v2\/comments?post=646"}],"version-history":[{"count":3,"href":"https:\/\/www.trollmann.com\/en\/wp-json\/wp\/v2\/pages\/646\/revisions"}],"predecessor-version":[{"id":716,"href":"https:\/\/www.trollmann.com\/en\/wp-json\/wp\/v2\/pages\/646\/revisions\/716"}],"wp:attachment":[{"href":"https:\/\/www.trollmann.com\/en\/wp-json\/wp\/v2\/media?parent=646"}],"curies":[{"name":"wp","href":"https:\/\/api.w.org\/{rel}","templated":true}]}}