{"id":635,"date":"2015-01-18T11:48:39","date_gmt":"2015-01-18T11:48:39","guid":{"rendered":"http:\/\/www.trollmann.com\/en\/company\/jobs-karriere\/"},"modified":"2018-06-22T08:50:13","modified_gmt":"2018-06-22T08:50:13","slug":"jobs-karriere","status":"publish","type":"page","link":"https:\/\/www.trollmann.com\/en\/company\/jobs-karriere\/","title":{"rendered":"Jobs &#038; Karriere"},"content":{"rendered":"<p><strong>Wir suchen laufend Unterst\u00fctzung.<\/strong><\/p>\n<p>F\u00fcr unser Team in M\u00fcnchen suchen wir:<\/p>\n<ul>\n<li>Montagepersonal f\u00fcr Messe Auf- und Abbau<\/li>\n<li>Schreiner Gesellen m\/w<\/li>\n<li>B\u00fcrokraft\u00a0 m\/w (Teilzeit)<\/li>\n<\/ul>\n<p>Detaillierte Informationen und Bewerbungen unter <a href=\"mailto:jobs@trollmann.com\">jobs@trollmann.com<\/a><br \/>\nWIR FREUEN UNS AUF SIE.<\/p>\n","protected":false},"excerpt":{"rendered":"<p>Wir suchen laufend Unterst\u00fctzung. F\u00fcr unser Team in M\u00fcnchen suchen wir: Montagepersonal f\u00fcr Messe Auf- und Abbau Schreiner Gesellen m\/w B\u00fcrokraft\u00a0 m\/w (Teilzeit) Detaillierte Informationen und Bewerbungen unter jobs@trollmann.com WIR FREUEN UNS AUF SIE.<\/p>\n","protected":false},"author":1,"featured_media":0,"parent":626,"menu_order":40,"comment_status":"closed","ping_status":"closed","template":"","meta":[],"acf":[],"yoast_head":"<!-- This site is optimized with the Yoast SEO plugin v19.10 - https:\/\/yoast.com\/wordpress\/plugins\/seo\/ -->\n<title>Jobs &amp; Karriere - Trollmann Messe &amp; Eventbau, M\u00fcnchen<\/title>\n<meta name=\"robots\" content=\"index, follow, max-snippet:-1, max-image-preview:large, max-video-preview:-1\" \/>\n<link rel=\"canonical\" href=\"https:\/\/www.trollmann.com\/en\/company\/jobs-karriere\/\" \/>\n<meta property=\"og:locale\" content=\"en_US\" \/>\n<meta property=\"og:type\" content=\"article\" \/>\n<meta property=\"og:title\" content=\"Jobs &amp; Karriere - Trollmann Messe &amp; Eventbau, M\u00fcnchen\" \/>\n<meta property=\"og:description\" content=\"Wir suchen laufend Unterst\u00fctzung. F\u00fcr unser Team in M\u00fcnchen suchen wir: Montagepersonal f\u00fcr Messe Auf- und Abbau Schreiner Gesellen m\/w B\u00fcrokraft\u00a0 m\/w (Teilzeit) Detaillierte Informationen und Bewerbungen unter jobs@trollmann.com WIR FREUEN UNS AUF SIE.\" \/>\n<meta property=\"og:url\" content=\"https:\/\/www.trollmann.com\/en\/company\/jobs-karriere\/\" \/>\n<meta property=\"og:site_name\" content=\"Trollmann Messe &amp; Eventbau, M\u00fcnchen\" \/>\n<meta property=\"article:modified_time\" content=\"2018-06-22T08:50:13+00:00\" \/>\n<script type=\"application\/ld+json\" class=\"yoast-schema-graph\">{\"@context\":\"https:\/\/schema.org\",\"@graph\":[{\"@type\":\"WebPage\",\"@id\":\"https:\/\/www.trollmann.com\/en\/company\/jobs-karriere\/\",\"url\":\"https:\/\/www.trollmann.com\/en\/company\/jobs-karriere\/\",\"name\":\"Jobs & Karriere - Trollmann Messe &amp; Eventbau, M\u00fcnchen\",\"isPartOf\":{\"@id\":\"https:\/\/www.trollmann.com\/#website\"},\"datePublished\":\"2015-01-18T11:48:39+00:00\",\"dateModified\":\"2018-06-22T08:50:13+00:00\",\"breadcrumb\":{\"@id\":\"https:\/\/www.trollmann.com\/en\/company\/jobs-karriere\/#breadcrumb\"},\"inLanguage\":\"en-US\",\"potentialAction\":[{\"@type\":\"ReadAction\",\"target\":[\"https:\/\/www.trollmann.com\/en\/company\/jobs-karriere\/\"]}]},{\"@type\":\"BreadcrumbList\",\"@id\":\"https:\/\/www.trollmann.com\/en\/company\/jobs-karriere\/#breadcrumb\",\"itemListElement\":[{\"@type\":\"ListItem\",\"position\":1,\"name\":\"Home\",\"item\":\"https:\/\/www.trollmann.com\/en\/\"},{\"@type\":\"ListItem\",\"position\":2,\"name\":\"Company\",\"item\":\"https:\/\/www.trollmann.com\/en\/company\/\"},{\"@type\":\"ListItem\",\"position\":3,\"name\":\"Jobs &#038; Karriere\"}]},{\"@type\":\"WebSite\",\"@id\":\"https:\/\/www.trollmann.com\/#website\",\"url\":\"https:\/\/www.trollmann.com\/\",\"name\":\"Trollmann Messe &amp; Eventbau, M\u00fcnchen\",\"description\":\"\",\"potentialAction\":[{\"@type\":\"SearchAction\",\"target\":{\"@type\":\"EntryPoint\",\"urlTemplate\":\"https:\/\/www.trollmann.com\/?s={search_term_string}\"},\"query-input\":\"required name=search_term_string\"}],\"inLanguage\":\"en-US\"}]}<\/script>\n<!-- \/ Yoast SEO plugin. -->","yoast_head_json":{"title":"Jobs & Karriere - Trollmann Messe &amp; Eventbau, M\u00fcnchen","robots":{"index":"index","follow":"follow","max-snippet":"max-snippet:-1","max-image-preview":"max-image-preview:large","max-video-preview":"max-video-preview:-1"},"canonical":"https:\/\/www.trollmann.com\/en\/company\/jobs-karriere\/","og_locale":"en_US","og_type":"article","og_title":"Jobs & Karriere - Trollmann Messe &amp; Eventbau, M\u00fcnchen","og_description":"Wir suchen laufend Unterst\u00fctzung. F\u00fcr unser Team in M\u00fcnchen suchen wir: Montagepersonal f\u00fcr Messe Auf- und Abbau Schreiner Gesellen m\/w B\u00fcrokraft\u00a0 m\/w (Teilzeit) Detaillierte Informationen und Bewerbungen unter jobs@trollmann.com WIR FREUEN UNS AUF SIE.","og_url":"https:\/\/www.trollmann.com\/en\/company\/jobs-karriere\/","og_site_name":"Trollmann Messe &amp; Eventbau, M\u00fcnchen","article_modified_time":"2018-06-22T08:50:13+00:00","schema":{"@context":"https:\/\/schema.org","@graph":[{"@type":"WebPage","@id":"https:\/\/www.trollmann.com\/en\/company\/jobs-karriere\/","url":"https:\/\/www.trollmann.com\/en\/company\/jobs-karriere\/","name":"Jobs & Karriere - Trollmann Messe &amp; Eventbau, M\u00fcnchen","isPartOf":{"@id":"https:\/\/www.trollmann.com\/#website"},"datePublished":"2015-01-18T11:48:39+00:00","dateModified":"2018-06-22T08:50:13+00:00","breadcrumb":{"@id":"https:\/\/www.trollmann.com\/en\/company\/jobs-karriere\/#breadcrumb"},"inLanguage":"en-US","potentialAction":[{"@type":"ReadAction","target":["https:\/\/www.trollmann.com\/en\/company\/jobs-karriere\/"]}]},{"@type":"BreadcrumbList","@id":"https:\/\/www.trollmann.com\/en\/company\/jobs-karriere\/#breadcrumb","itemListElement":[{"@type":"ListItem","position":1,"name":"Home","item":"https:\/\/www.trollmann.com\/en\/"},{"@type":"ListItem","position":2,"name":"Company","item":"https:\/\/www.trollmann.com\/en\/company\/"},{"@type":"ListItem","position":3,"name":"Jobs &#038; Karriere"}]},{"@type":"WebSite","@id":"https:\/\/www.trollmann.com\/#website","url":"https:\/\/www.trollmann.com\/","name":"Trollmann Messe &amp; Eventbau, M\u00fcnchen","description":"","potentialAction":[{"@type":"SearchAction","target":{"@type":"EntryPoint","urlTemplate":"https:\/\/www.trollmann.com\/?s={search_term_string}"},"query-input":"required name=search_term_string"}],"inLanguage":"en-US"}]}},"_links":{"self":[{"href":"https:\/\/www.trollmann.com\/en\/wp-json\/wp\/v2\/pages\/635"}],"collection":[{"href":"https:\/\/www.trollmann.com\/en\/wp-json\/wp\/v2\/pages"}],"about":[{"href":"https:\/\/www.trollmann.com\/en\/wp-json\/wp\/v2\/types\/page"}],"author":[{"embeddable":true,"href":"https:\/\/www.trollmann.com\/en\/wp-json\/wp\/v2\/users\/1"}],"replies":[{"embeddable":true,"href":"https:\/\/www.trollmann.com\/en\/wp-json\/wp\/v2\/comments?post=635"}],"version-history":[{"count":3,"href":"https:\/\/www.trollmann.com\/en\/wp-json\/wp\/v2\/pages\/635\/revisions"}],"predecessor-version":[{"id":729,"href":"https:\/\/www.trollmann.com\/en\/wp-json\/wp\/v2\/pages\/635\/revisions\/729"}],"up":[{"embeddable":true,"href":"https:\/\/www.trollmann.com\/en\/wp-json\/wp\/v2\/pages\/626"}],"wp:attachment":[{"href":"https:\/\/www.trollmann.com\/en\/wp-json\/wp\/v2\/media?parent=635"}],"curies":[{"name":"wp","href":"https:\/\/api.w.org\/{rel}","templated":true}]}}